{"id":1479,"date":"2018-02-25T14:00:25","date_gmt":"2018-02-25T12:00:25","guid":{"rendered":"http:\/\/drlind.ro\/educatie\/?page_id=1479"},"modified":"2023-02-15T11:59:55","modified_gmt":"2023-02-15T09:59:55","slug":"nevoi","status":"publish","type":"page","link":"https:\/\/drlind.ro\/educatie\/nevoi\/","title":{"rendered":"Autofinan\u021bare \u0219i Nevoi"},"content":{"rendered":"<p>[vc_row][vc_column][vc_column_text]<\/p>\n<h1 style=\"text-align: center;\">AUTOFINAN\u021aARE<\/h1>\n<p>[\/vc_column_text][vc_empty_space][vc_column_text]Doamne \u00eenva\u021b\u0103-ne, \u00eendrum\u0103 \u0219i Liceul Dr Lind sa intre in Planul Tau de Autofinan\u021bare! Inspir\u0103-ne, vorbe\u0219te-ne, deschide-ne u\u0219i \u0219i ochi sa vedem providen\u021ba Ta, s\u0103 fim o pricin\u0103 de slav\u0103 pentru Numele T\u0103u![\/vc_column_text][\/vc_column][\/vc_row][vc_row][vc_column width=&#8221;1\/2&#8243; css=&#8221;.vc_custom_1459847846897{margin-bottom: 0px !important;}&#8221;][vc_custom_heading text=&#8221;Autofinan\u021bare&#8221; font_container=&#8221;tag:h4|text_align:left&#8221; use_theme_fonts=&#8221;yes&#8221;][vc_column_text css=&#8221;.vc_custom_1521795981803{padding-right: 20px !important;}&#8221;]Avem un solar de r\u0103saduri, \u0219i un solar mai mare pentru ro\u0219ii \u0219i alte legume.<\/p>\n<p>Produsele f\u0103cute la orele de croitorie sunt v\u00e2ndute in mod regulat. Elevii fac perne, coper\u021bi noi pentru caiete \u0219i jurnale, agrafe, \u0219i gen\u021bi.<\/p>\n<p>Elevi no\u0219tri fac tablouri, felicit\u0103ri, \u0219i alte lucruri artistice de v\u00e2nzare.[\/vc_column_text][\/vc_column][vc_column width=&#8221;1\/2&#8243;][vc_single_image image=&#8221;1500&#8243; img_size=&#8221;medium&#8221;][vc_single_image image=&#8221;1497&#8243; img_size=&#8221;medium&#8221;][vc_single_image image=&#8221;1499&#8243; img_size=&#8221;medium&#8221;][\/vc_column][\/vc_row][vc_row][vc_column][vc_column_text]<\/p>\n<h1 style=\"text-align: center;\">NEVOI<\/h1>\n<p>[\/vc_column_text][vc_empty_space][vc_column_text]<\/p>\n<p style=\"text-align: center;\">Nevoile noastre sunt:<\/p>\n<p>[\/vc_column_text][\/vc_column][\/vc_row][vc_row][vc_column width=&#8221;1\/2&#8243; css=&#8221;.vc_custom_1459847846897{margin-bottom: 0px !important;}&#8221;][vc_custom_heading text=&#8221;&#8221; font_container=&#8221;tag:h4|text_align:left&#8221; use_theme_fonts=&#8221;yes&#8221;][vc_column_text css=&#8221;.vc_custom_1521798282167{padding-right: 20px !important;}&#8221;]1. Calculatoare laborator info 8 buc\u0103\u021bi &#8211; Nevoia a fost implinit\u0103<\/p>\n<p>2. Sistem supraveghere video<\/p>\n<p>3. Dotare atelier pentru b\u0103ie\u021bi: banc de lucru \u00een lemn<\/p>\n<p>4. Pian electric pentru orele de cor<\/p>\n<p>Dac\u0103 dori\u021bi s\u0103 sprijini\u021bi un proiect dintre cele amintite, v\u0103 rug\u0103m sa ne contacta\u021bi la numarul de telefon 0743137829[\/vc_column_text][\/vc_column][vc_column width=&#8221;1\/2&#8243;][\/vc_column][\/vc_row]<\/p>\n","protected":false},"excerpt":{"rendered":"<p>[vc_row][vc_column][vc_column_text] AUTOFINAN\u021aARE [\/vc_column_text][vc_empty_space][vc_column_text]Doamne \u00eenva\u021b\u0103-ne, \u00eendrum\u0103 \u0219i Liceul Dr Lind sa intre in Planul Tau de Autofinan\u021bare! Inspir\u0103-ne, vorbe\u0219te-ne, deschide-ne u\u0219i \u0219i ochi sa vedem providen\u021ba Ta, s\u0103 fim o pricin\u0103 de slav\u0103 pentru Numele T\u0103u![\/vc_column_text][\/vc_column][\/vc_row][vc_row][vc_column width=&#8221;1\/2&#8243; css=&#8221;.vc_custom_1459847846897{margin-bottom: 0px !important;}&#8221;][vc_custom_heading text=&#8221;Autofinan\u021bare&#8221; font_container=&#8221;tag:h4|text_align:left&#8221; use_theme_fonts=&#8221;yes&#8221;][vc_column_text css=&#8221;.vc_custom_1521795981803{padding-right: 20px !important;}&#8221;]Avem un solar de r\u0103saduri, \u0219i un solar mai mare pentru ro\u0219ii \u0219i alte legume. Produsele&nbsp;<a href=\"https:\/\/drlind.ro\/educatie\/nevoi\/\">[&hellip;]<\/a><\/p>\n","protected":false},"author":1,"featured_media":0,"parent":0,"menu_order":0,"comment_status":"closed","ping_status":"closed","template":"template-sidebar-left-childpages.php","meta":{"footnotes":""},"class_list":["post-1479","page","type-page","status-publish","hentry"],"_links":{"self":[{"href":"https:\/\/drlind.ro\/educatie\/wp-json\/wp\/v2\/pages\/1479","targetHints":{"allow":["GET"]}}],"collection":[{"href":"https:\/\/drlind.ro\/educatie\/wp-json\/wp\/v2\/pages"}],"about":[{"href":"https:\/\/drlind.ro\/educatie\/wp-json\/wp\/v2\/types\/page"}],"author":[{"embeddable":true,"href":"https:\/\/drlind.ro\/educatie\/wp-json\/wp\/v2\/users\/1"}],"replies":[{"embeddable":true,"href":"https:\/\/drlind.ro\/educatie\/wp-json\/wp\/v2\/comments?post=1479"}],"version-history":[{"count":17,"href":"https:\/\/drlind.ro\/educatie\/wp-json\/wp\/v2\/pages\/1479\/revisions"}],"predecessor-version":[{"id":1920,"href":"https:\/\/drlind.ro\/educatie\/wp-json\/wp\/v2\/pages\/1479\/revisions\/1920"}],"wp:attachment":[{"href":"https:\/\/drlind.ro\/educatie\/wp-json\/wp\/v2\/media?parent=1479"}],"curies":[{"name":"wp","href":"https:\/\/api.w.org\/{rel}","templated":true}]}}