{"id":1486,"date":"2018-03-09T10:37:32","date_gmt":"2018-03-09T08:37:32","guid":{"rendered":"http:\/\/drlind.ro\/educatie\/?page_id=1486"},"modified":"2025-10-16T11:56:20","modified_gmt":"2025-10-16T09:56:20","slug":"activitati_extrascolare","status":"publish","type":"page","link":"https:\/\/drlind.ro\/educatie\/despre-noi\/activitati_extrascolare\/","title":{"rendered":"Activit\u0103\u021bi Extra\u0219colare"},"content":{"rendered":"<p>[vc_row][vc_column width=&#8221;1\/2&#8243; css=&#8221;.vc_custom_1459847846897{margin-bottom: 0px !important;}&#8221;][vc_custom_heading text=&#8221;Detalii&#8221; font_container=&#8221;tag:h4|text_align:left&#8221; use_theme_fonts=&#8221;yes&#8221;][vc_column_text css=&#8221;.vc_custom_1520584618132{padding-right: 20px !important;}&#8221;]Ca parte integrant\u0103 a Centrului de Medicin\u0103 Lifestyle Herghelia, Liceul Teoretic &#8220;Dr. Lind&#8221; promoveaz\u0103 dezvoltarea echilibrat\u0103 a capacit\u0103\u021bilor fizice, mentale \u0219i sociale ale elevilor s\u0103i. Importan\u021ba pe care \u0219coala noastr\u0103 o d\u0103 <b>educa\u021biei pentru s\u0103n\u0103tate<\/b> se reflect\u0103 \u00een programele extra\u0219colare dezvoltate de cadrele noastre didactice al\u0103turi de elevii no\u0219tri, pentru promovarea unui stil de via\u021b\u0103 s\u0103n\u0103tos \u00een \u0219colile publice din T\u00e2rgu Mure\u0219 \u0219i \u00een localitatea C\u00e2mpeni\u021ba, unde oferim <b>expozi\u021bii de s\u0103n\u0103tate<\/b> atractive \u0219i riguros structurate. \u00cen cadrul acestor evenimente lucr\u0103m \u00een colaborare at\u00e2t cu speciali\u0219ti din domeniul medical, c\u00e2t \u0219i cu Centrul de Lifestyle Herghelia \u0219i \u0218coala Postliceal\u0103 Vasile Dan, oferind elevilor no\u0219tri ocazii unice \u00een care \u00eembin\u0103 cuno\u0219tin\u021bele teoretice cu cele practice.<\/p>\n<p><b>Corul \u0219colii<\/b>, condus de c\u0103tre maestrul Sebastian Cazan, ne face cinste \u00een orice loc \u00een care este invitat s\u0103 c\u00e2nte, fie c\u0103 este vorba despre evenimente publice sau private.<\/p>\n<p><b>Vizitele la muzee<\/b>, fabrici \u0219i intreprinderi din apropiere sunt alte activit\u0103\u021bi extra\u0219colare care \u00eembog\u0103\u021besc orizontul cunoa\u0219terii elevilor no\u0219tri.<\/p>\n<p>Ne dorim ca elevii no\u0219tri s\u0103 fie persoane responsabile \u0219i empatice, de aceea ne implic\u0103m adesea \u00een <b>proiecte sociale<\/b> at\u00e2t \u00een localitatea din care facem parte c\u00e2t \u0219i \u00een localit\u0103\u021bile din apropiere, aduc\u00e2nd c\u00e2te o raz\u0103 de speran\u021b\u0103 \u0219i m\u00e2ng\u00e2iere persoanelor \u00een nevoie \u0219i comunit\u0103\u021bii noastre.<\/p>\n<p><b>Excursiile \u0219i taberele<\/b> sunt alte activit\u0103\u021bi mult \u00eendr\u0103gite de c\u0103tre elevii no\u0219tri.<\/p>\n<p>[\/vc_column_text][\/vc_column][vc_column width=&#8221;1\/2&#8243;][vc_single_image image=&#8221;1691&#8243; img_size=&#8221;large&#8221;][vc_single_image image=&#8221;1692&#8243; img_size=&#8221;large&#8221;][vc_single_image image=&#8221;1687&#8243; img_size=&#8221;large&#8221;][\/vc_column][\/vc_row]<\/p>\n","protected":false},"excerpt":{"rendered":"<p>[vc_row][vc_column width=&#8221;1\/2&#8243; css=&#8221;.vc_custom_1459847846897{margin-bottom: 0px !important;}&#8221;][vc_custom_heading text=&#8221;Detalii&#8221; font_container=&#8221;tag:h4|text_align:left&#8221; use_theme_fonts=&#8221;yes&#8221;][vc_column_text css=&#8221;.vc_custom_1520584618132{padding-right: 20px !important;}&#8221;]Ca parte integrant\u0103 a Centrului de Medicin\u0103 Lifestyle Herghelia, Liceul Teoretic &#8220;Dr. Lind&#8221; promoveaz\u0103 dezvoltarea echilibrat\u0103 a capacit\u0103\u021bilor fizice, mentale \u0219i sociale ale elevilor s\u0103i. Importan\u021ba pe care \u0219coala noastr\u0103 o d\u0103 educa\u021biei pentru s\u0103n\u0103tate se reflect\u0103 \u00een programele extra\u0219colare dezvoltate de cadrele noastre didactice al\u0103turi de elevii no\u0219tri, pentru&nbsp;<a href=\"https:\/\/drlind.ro\/educatie\/despre-noi\/activitati_extrascolare\/\">[&hellip;]<\/a><\/p>\n","protected":false},"author":1,"featured_media":0,"parent":584,"menu_order":0,"comment_status":"closed","ping_status":"closed","template":"template-sidebar-left-childpages.php","meta":{"footnotes":""},"class_list":["post-1486","page","type-page","status-publish","hentry"],"_links":{"self":[{"href":"https:\/\/drlind.ro\/educatie\/wp-json\/wp\/v2\/pages\/1486","targetHints":{"allow":["GET"]}}],"collection":[{"href":"https:\/\/drlind.ro\/educatie\/wp-json\/wp\/v2\/pages"}],"about":[{"href":"https:\/\/drlind.ro\/educatie\/wp-json\/wp\/v2\/types\/page"}],"author":[{"embeddable":true,"href":"https:\/\/drlind.ro\/educatie\/wp-json\/wp\/v2\/users\/1"}],"replies":[{"embeddable":true,"href":"https:\/\/drlind.ro\/educatie\/wp-json\/wp\/v2\/comments?post=1486"}],"version-history":[{"count":36,"href":"https:\/\/drlind.ro\/educatie\/wp-json\/wp\/v2\/pages\/1486\/revisions"}],"predecessor-version":[{"id":2829,"href":"https:\/\/drlind.ro\/educatie\/wp-json\/wp\/v2\/pages\/1486\/revisions\/2829"}],"up":[{"embeddable":true,"href":"https:\/\/drlind.ro\/educatie\/wp-json\/wp\/v2\/pages\/584"}],"wp:attachment":[{"href":"https:\/\/drlind.ro\/educatie\/wp-json\/wp\/v2\/media?parent=1486"}],"curies":[{"name":"wp","href":"https:\/\/api.w.org\/{rel}","templated":true}]}}