{"id":1522,"date":"2018-07-16T07:49:39","date_gmt":"2018-07-16T05:49:39","guid":{"rendered":"http:\/\/drlind.ro\/educatie\/?page_id=1522"},"modified":"2025-03-09T19:06:05","modified_gmt":"2025-03-09T17:06:05","slug":"informatii_inscrieri","status":"publish","type":"page","link":"https:\/\/drlind.ro\/educatie\/despre-noi\/informatii_inscrieri\/","title":{"rendered":"Informa\u021bii \u0219i \u00eenscrieri"},"content":{"rendered":"<p>[vc_column width=&#8221;1\/2&#8243; css=&#8221;.vc_custom_1459847846897{margin-bottom: 0px !important;}&#8221;][vc_custom_heading text=&#8221;Informa\u021bii \u0219i \u00eenscrieri&#8221; font_container=&#8221;tag:h4|text_align:left&#8221; use_theme_fonts=&#8221;yes&#8221;][vc_column_text css=&#8221;.vc_custom_1578650234334{padding-right: 20px !important;}&#8221;]<\/p>\n<p>Pentru mai multe informa\u021bii v\u0103 rug\u0103m s\u0103 contacta\u021bi secretariatul \u0219colii:<\/p>\n<ul>\n<li><a href=\"tel:0265324332\"><b>0265.324.332<\/b><\/a><\/li>\n<li><a href=\"tel:0774641076\"><b>0774.641.076<\/b><\/a><\/li>\n<li><a href=\"tel:0743137829\"><b>0743.137.829<\/b><\/a><\/li>\n<\/ul>\n<p>[\/vc_column_text][\/vc_column]<\/p>\n<p>[vc_column width=&#8221;1\/2&#8243;][vc_single_image image=&#8221;1527&#8243; img_size=&#8221;full&#8221;][\/vc_column]<\/p>\n<p>[vc_column width=&#8221;1&#8243; css=&#8221;.vc_custom_1459847846897{margin-bottom: 0px !important;}&#8221;][vc_custom_heading text=&#8221;Criteriile specifice de departajare sunt stabilite pentru a asigura desf\u0103\u0219urarea optim\u0103 a procesului de \u00eenscriere \u00een clasa preg\u0103titoare pentru anul \u0219colar 2025-2026&#8243; font_container=&#8221;tag:h4|text_align:left&#8221; use_theme_fonts=&#8221;yes&#8221;][vc_column_text css=&#8221;.vc_custom_1578650234334{padding-right: 20px !important;}&#8221;]<\/p>\n<p>\u00cen conformitate cu prevederile  art.11 din Metodoligia de \u00eenscriere a elevilor \u00een clasa preg\u0103titoare pentru anul \u0219colar 2025-2026, v\u0103 transmitem criteriile de departajare propuse de Consiliul de Administra\u021bie al Liceului Teoretic &#8221; DR. LIND&#8221;:<\/p>\n<ol>\n<li><strong>Copilul a frecventat gr\u0103dini\u021ba din circumscrip\u021bia \u0219colii:<\/strong><\/li>\n<ul>\n<li>document justificativ SIIR<\/li>\n<\/ul>\n<li><strong>Locul de munc\u0103 al unuia dintre p\u0103rin\u021bi este \u00een circumscrip\u021bia Liceului Teoretic &#8220;DR. LIND&#8221;:<\/strong><\/li>\n<ul>\n<li>adeverin\u021b\u0103 de angajare din care rezult\u0103 adresa la care \u00ee\u0219i desf\u0103\u0219oar\u0103 activitatea<\/li>\n<\/ul>\n<li><strong>Copilul are fra\u021bi\/surori \u00een cadrul Liceului Teoretic &#8220;DR. LIND&#8221;:<\/strong><\/li>\n<ul>\n<li>adeverin\u021b\u0103 elev<\/li>\n<li>certificat na\u0219tere elev (copie)<\/li>\n<\/ul>\n<\/ol>\n<p style=\"text-align: right;\"><i>DIRECTOR PROF. MORO\u0218AN LUMINI\u021aA<\/i><\/p>\n<p>[\/vc_column_text][\/vc_column]<\/p>\n","protected":false},"excerpt":{"rendered":"[vc_column width=\"1\/2\" css=\".vc_custom_1459847846897{margin-bottom: 0px !important;}\"][vc_custom_heading text=\"Informa\u021bii \u0219i \u00eenscrieri\" font_container=\"tag:h4|text_align:left\" use_theme_fonts=\"yes\"][vc_column_text css=\".vc_custom_1578650234334{padding-right: 20px !important;}\"] Pentru mai multe informa\u021bii v\u0103 rug\u0103m s\u0103 contacta\u021bi secretariatul \u0219colii: 0265.324.332 0774.641.076 0743.137.829 [\/vc_column_text][\/vc_column] [vc_column width=\"1\/2\"][vc_single_image image=\"1527\" img_size=\"full\"][\/vc_column] [vc_column width=\"1\" css=\".vc_custom_1459847846897{margin-bottom: 0px !important;}\"][vc_custom_heading text=\"Criteriile specifice de departajare sunt stabilite pentru a asigura desf\u0103\u0219urarea optim\u0103 a procesului de \u00eenscriere \u00een clasa preg\u0103titoare pentru anul \u0219colar 2025-2026\" font_container=\"tag:h4|text_align:left\" use_theme_fonts=\"yes\"][vc_column_text&nbsp;<a href=\"https:\/\/drlind.ro\/educatie\/despre-noi\/informatii_inscrieri\/\">[&hellip;]<\/a>","protected":false},"author":1,"featured_media":0,"parent":584,"menu_order":0,"comment_status":"closed","ping_status":"closed","template":"template-sidebar-left-childpages.php","meta":{"footnotes":""},"class_list":["post-1522","page","type-page","status-publish","hentry"],"_links":{"self":[{"href":"https:\/\/drlind.ro\/educatie\/wp-json\/wp\/v2\/pages\/1522","targetHints":{"allow":["GET"]}}],"collection":[{"href":"https:\/\/drlind.ro\/educatie\/wp-json\/wp\/v2\/pages"}],"about":[{"href":"https:\/\/drlind.ro\/educatie\/wp-json\/wp\/v2\/types\/page"}],"author":[{"embeddable":true,"href":"https:\/\/drlind.ro\/educatie\/wp-json\/wp\/v2\/users\/1"}],"replies":[{"embeddable":true,"href":"https:\/\/drlind.ro\/educatie\/wp-json\/wp\/v2\/comments?post=1522"}],"version-history":[{"count":39,"href":"https:\/\/drlind.ro\/educatie\/wp-json\/wp\/v2\/pages\/1522\/revisions"}],"predecessor-version":[{"id":2635,"href":"https:\/\/drlind.ro\/educatie\/wp-json\/wp\/v2\/pages\/1522\/revisions\/2635"}],"up":[{"embeddable":true,"href":"https:\/\/drlind.ro\/educatie\/wp-json\/wp\/v2\/pages\/584"}],"wp:attachment":[{"href":"https:\/\/drlind.ro\/educatie\/wp-json\/wp\/v2\/media?parent=1522"}],"curies":[{"name":"wp","href":"https:\/\/api.w.org\/{rel}","templated":true}]}}