{"id":1612,"date":"2018-09-19T08:42:42","date_gmt":"2018-09-19T06:42:42","guid":{"rendered":"http:\/\/drlind.ro\/educatie\/?page_id=1612"},"modified":"2024-06-12T13:01:01","modified_gmt":"2024-06-12T11:01:01","slug":"taxe-scolare","status":"publish","type":"page","link":"https:\/\/drlind.ro\/educatie\/despre-noi\/taxe-scolare\/","title":{"rendered":"Taxe \u0218colare"},"content":{"rendered":"<h3>Taxa anual\u0103 pentru anul \u0219colar 2024-2025:<\/h3>\n<p><strong>Gr\u0103dini\u021b\u0103:<\/strong> 4700 LEI\/an<\/p>\n<p><strong>\u0218coala primar\u0103, gimnaziu, liceu:<\/strong> 5900 LEI\/an<\/p>\n<p><em>*Oferim transport pentru copii, cu tax\u0103 suplimentar\u0103 de cea anual\u0103<\/em><\/p>\n<p style=\"text-align: left;\">\u00censcrierile se fac la secretariatul \u0219colii, pe baz\u0103 de dosar \u0219i interviu.<\/p>\n<p>Pentru mai multe informa\u021bii ne pute\u021bi suna la <a href=\"tel:0265324332\"><b>0265.324.332<\/b><\/a> sau <a href=\"tel:0774641076\"><b>0774.641.076<\/b><\/a><\/p>\n<p>[vc_column width=&#8221;1\/2&#8243;][vc_single_image image=&#8221;1527&#8243; img_size=&#8221;full&#8221;][\/vc_column]<\/p>\n","protected":false},"excerpt":{"rendered":"<p>Taxa anual\u0103 pentru anul \u0219colar 2024-2025: Gr\u0103dini\u021b\u0103: 4700 LEI\/an \u0218coala primar\u0103, gimnaziu, liceu: 5900 LEI\/an *Oferim transport pentru copii, cu tax\u0103 suplimentar\u0103 de cea anual\u0103 \u00censcrierile se fac la secretariatul \u0219colii, pe baz\u0103 de dosar \u0219i interviu. Pentru mai multe informa\u021bii ne pute\u021bi suna la 0265.324.332 sau 0774.641.076 [vc_column width=&#8221;1\/2&#8243;][vc_single_image image=&#8221;1527&#8243; img_size=&#8221;full&#8221;][\/vc_column]<\/p>\n","protected":false},"author":1,"featured_media":0,"parent":584,"menu_order":0,"comment_status":"closed","ping_status":"closed","template":"template-sidebar-left-childpages.php","meta":{"footnotes":""},"class_list":["post-1612","page","type-page","status-publish","hentry"],"_links":{"self":[{"href":"https:\/\/drlind.ro\/educatie\/wp-json\/wp\/v2\/pages\/1612","targetHints":{"allow":["GET"]}}],"collection":[{"href":"https:\/\/drlind.ro\/educatie\/wp-json\/wp\/v2\/pages"}],"about":[{"href":"https:\/\/drlind.ro\/educatie\/wp-json\/wp\/v2\/types\/page"}],"author":[{"embeddable":true,"href":"https:\/\/drlind.ro\/educatie\/wp-json\/wp\/v2\/users\/1"}],"replies":[{"embeddable":true,"href":"https:\/\/drlind.ro\/educatie\/wp-json\/wp\/v2\/comments?post=1612"}],"version-history":[{"count":25,"href":"https:\/\/drlind.ro\/educatie\/wp-json\/wp\/v2\/pages\/1612\/revisions"}],"predecessor-version":[{"id":2631,"href":"https:\/\/drlind.ro\/educatie\/wp-json\/wp\/v2\/pages\/1612\/revisions\/2631"}],"up":[{"embeddable":true,"href":"https:\/\/drlind.ro\/educatie\/wp-json\/wp\/v2\/pages\/584"}],"wp:attachment":[{"href":"https:\/\/drlind.ro\/educatie\/wp-json\/wp\/v2\/media?parent=1612"}],"curies":[{"name":"wp","href":"https:\/\/api.w.org\/{rel}","templated":true}]}}