{"id":2466,"date":"2024-11-05T12:25:52","date_gmt":"2024-11-05T10:25:52","guid":{"rendered":"https:\/\/drlind.ro\/educatie\/?page_id=2466"},"modified":"2024-11-05T12:49:01","modified_gmt":"2024-11-05T10:49:01","slug":"expozitie-de-sanatate-pentru-copii","status":"publish","type":"page","link":"https:\/\/drlind.ro\/educatie\/despre-noi\/expozitie-de-sanatate-pentru-copii\/","title":{"rendered":"Expozi\u021bie de S\u0103n\u0103tate pentru Copii"},"content":{"rendered":"<p>[vc_row][vc_column ]<\/p>\n<h3>Expozi\u021bie de S\u0103n\u0103tate &#8211; \u0218coala Gimnazial\u0103 T\u00e2rgu Mure\u0219 &#8211; <span class=\"x193iq5w xeuugli x13faqbe x1vvkbs x1xmvt09 x1lliihq x1s928wv xhkezso x1gmr53x x1cpjm7i x1fgarty x1943h6x xudqn12 x3x7a5m x6prxxf xvq8zen xo1l8bm xzsf02u x1yc453h\" dir=\"auto\">25.04.2024<\/span><\/h3>\n<p><span class=\"x193iq5w xeuugli x13faqbe x1vvkbs x1xmvt09 x1lliihq x1s928wv xhkezso x1gmr53x x1cpjm7i x1fgarty x1943h6x xudqn12 x3x7a5m x6prxxf xvq8zen xo1l8bm xzsf02u x1yc453h\" dir=\"auto\">O echip\u0103 de dasc\u0103li ai Liceului Teoretic Dr. Lind, au prezentat \u00een cadrul proiectului &#8220;S\u0103pt\u0103m\u00e2na Verde&#8221; principiile unei vie\u021bi s\u0103n\u0103toase, elevilor \u0218colii Gimnaziale Omega din T\u00e2rgu Mure\u0219. Principiile s\u0103n\u0103t\u0103\u021bii (NEW START) au fost transmise prin activit\u0103\u021bi ludice, facilit\u00e2nd astfel \u00eenv\u0103\u021barea rapid\u0103 a acestor concepte deosebit de importante pentru o via\u021b\u0103 s\u0103n\u0103toas\u0103.<\/span><\/p>\n<p>[\/vc_column][\/vc_row]<\/p>\n\t<div id=\"justified_gallery_RwNKVQ\"\r\n\t     class=\"sgg-style-7 \">\r\n\t\t<a class=\"sgg-lightbox-item\" href=\"https:\/\/drlind.ro\/educatie\/wp-content\/uploads\/2024\/11\/Expo-Sanatate-Omega-8.jpg\" data-caption=\"Expo Sanatate Omega (8)\"><img decoding=\"async\" src=\"https:\/\/drlind.ro\/educatie\/wp-content\/uploads\/2024\/11\/Expo-Sanatate-Omega-8-1024x768.jpg\" alt=\"Expo Sanatate Omega (8)\"\/><\/a><a class=\"sgg-lightbox-item\" href=\"https:\/\/drlind.ro\/educatie\/wp-content\/uploads\/2024\/11\/Expo-Sanatate-Omega-7.jpg\" data-caption=\"Expo Sanatate Omega (7)\"><img decoding=\"async\" src=\"https:\/\/drlind.ro\/educatie\/wp-content\/uploads\/2024\/11\/Expo-Sanatate-Omega-7-300x300.jpg\" alt=\"Expo Sanatate Omega (7)\"\/><\/a><a class=\"sgg-lightbox-item\" href=\"https:\/\/drlind.ro\/educatie\/wp-content\/uploads\/2024\/11\/Expo-Sanatate-Omega-6.jpg\" data-caption=\"Expo Sanatate Omega (6)\"><img decoding=\"async\" src=\"https:\/\/drlind.ro\/educatie\/wp-content\/uploads\/2024\/11\/Expo-Sanatate-Omega-6-1024x768.jpg\" alt=\"Expo Sanatate Omega (6)\"\/><\/a><a class=\"sgg-lightbox-item\" href=\"https:\/\/drlind.ro\/educatie\/wp-content\/uploads\/2024\/11\/Expo-Sanatate-Omega-5.jpg\" data-caption=\"Expo Sanatate Omega (5)\"><img decoding=\"async\" src=\"https:\/\/drlind.ro\/educatie\/wp-content\/uploads\/2024\/11\/Expo-Sanatate-Omega-5-1024x768.jpg\" alt=\"Expo Sanatate Omega (5)\"\/><\/a><a class=\"sgg-lightbox-item\" href=\"https:\/\/drlind.ro\/educatie\/wp-content\/uploads\/2024\/11\/Expo-Sanatate-Omega-4.jpg\" data-caption=\"Expo Sanatate Omega (4)\"><img decoding=\"async\" src=\"https:\/\/drlind.ro\/educatie\/wp-content\/uploads\/2024\/11\/Expo-Sanatate-Omega-4-225x300.jpg\" alt=\"Expo Sanatate Omega (4)\"\/><\/a><a class=\"sgg-lightbox-item\" href=\"https:\/\/drlind.ro\/educatie\/wp-content\/uploads\/2024\/11\/Expo-Sanatate-Omega-3.jpg\" data-caption=\"Expo Sanatate Omega (3)\"><img decoding=\"async\" src=\"https:\/\/drlind.ro\/educatie\/wp-content\/uploads\/2024\/11\/Expo-Sanatate-Omega-3-225x300.jpg\" alt=\"Expo Sanatate Omega (3)\"\/><\/a><a class=\"sgg-lightbox-item\" href=\"https:\/\/drlind.ro\/educatie\/wp-content\/uploads\/2024\/11\/Expo-Sanatate-Omega-2.jpg\" data-caption=\"Expo Sanatate Omega (2)\"><img decoding=\"async\" src=\"https:\/\/drlind.ro\/educatie\/wp-content\/uploads\/2024\/11\/Expo-Sanatate-Omega-2-225x300.jpg\" alt=\"Expo Sanatate Omega (2)\"\/><\/a><a class=\"sgg-lightbox-item\" href=\"https:\/\/drlind.ro\/educatie\/wp-content\/uploads\/2024\/11\/Expo-Sanatate-Omega-1.jpg\" data-caption=\"Expo Sanatate Omega (1)\"><img decoding=\"async\" src=\"https:\/\/drlind.ro\/educatie\/wp-content\/uploads\/2024\/11\/Expo-Sanatate-Omega-1-225x300.jpg\" alt=\"Expo Sanatate Omega (1)\"\/><\/a><a class=\"sgg-lightbox-item\" href=\"https:\/\/drlind.ro\/educatie\/wp-content\/uploads\/2024\/11\/Expo-Sanatate-Omega-9.jpg\" data-caption=\"Expo Sanatate Omega (9)\"><img decoding=\"async\" src=\"https:\/\/drlind.ro\/educatie\/wp-content\/uploads\/2024\/11\/Expo-Sanatate-Omega-9-300x300.jpg\" alt=\"Expo Sanatate Omega (9)\"\/><\/a>\t<\/div>\r\n\t<div id=\"load_more_holder_RwNKVQ\" style=\"display:none\"><\/div>\r\n\t\t\t<script type=\"text\/javascript\">\r\n\t\t\t\t(function($){\r\n\t\t\t\t\t$(\"#justified_gallery_RwNKVQ\").justifiedGallery({\r\n\t\t\t\t\t\tsizeRangeSuffixes : {'lt100': '', 'lt240': '', 'lt320': '', 'lt500': '', 'lt640': '', 'lt1024': ''},rowHeight: 175,\r\nmobileRowHeight: 160,\r\nmargins: 14,\r\nlastRow: \"hide\",\r\nfixedHeight: false,\r\ncaptions: true,\r\ncaptionsColor: \"#000000\",\r\ncaptionsOpacity: 0.7,\r\nrandomize: false,\r\nmaxRowHeight: 0,\r\nrel: \"RwNKVQ\",\r\ntarget: null,\r\nrefreshTime: 250,\r\ncssAnimation: true,\r\ncaptionsAnimationDuration: 500,\r\nimagesAnimationDuration: 300,\r\ncaptionsVisibleOpacity: 0.7,\r\nclass: \"\",\r\n\t\t\t\t\t})\r\n\t\t\t\t\t.on('jg.complete', function(){\r\n\t\t\t\t\t\t$('#justified_gallery_RwNKVQ').photobox('a.sgg-lightbox-item',{title: true,\r\ncounter: \"(A\/B)\",\r\nthumbs: true,\r\nautoplay: false,\r\ntime: 3000,\r\nzoomable: true,\r\nhistory: false,\r\n});\t\t\t\t\t});\r\n\t\t\t\t\t\t\t\t\t\tWebFontConfig = {\r\n\tgoogle: { families: [] }\r\n};\r\n(function() {\r\n\tvar wf = document.createElement('script');\r\n\twf.src = ('https:' == document.location.protocol ? 'https' : 'http') +\r\n\t\t':\/\/ajax.googleapis.com\/ajax\/libs\/webfont\/1\/webfont.js';\r\n\twf.type = 'text\/javascript';\r\n\twf.async = 'true';\r\n\tvar s = document.getElementsByTagName('script')[0];\r\n\ts.parentNode.insertBefore(wf, s);\r\n})();WebFontConfig.google.families.push('Raleway');\t\t\t\t\t\t\t\t\tvar galleries = [];\r\n\t\t\t\tvar gallery = $(\"#justified_gallery_RwNKVQ\");\r\n\t\t\t\t$(window).scroll(function() {\r\n\t\t\t\t\tif ( galleries.length >= 1  ) {\r\n\t\t\t\t\t\tvar scroll_top = $(window).scrollTop();\r\n\t\t\t\t\t\tvar scroll_bottom = scroll_top + $(window).height();\r\n\t\t\t\t\t\tvar gallery_top = $(gallery).offset().top;\r\n\t\t\t\t\t\tvar gallery_height = $(gallery).innerHeight();\r\n\t\t\t\t\t\tvar gallery_bottom = gallery_top + gallery_height;\r\n\t\t\t\t\t\tif( scroll_bottom >= gallery_bottom ) {\r\n\t\t\t\t\t\t\tvar images = galleries.splice(0,1);\r\n\t\t\t\t\t\t\tvar image_html = $(\"#load_more_holder_RwNKVQ\").html(images).text();\r\n\t\t\t\t\t\t\t$(gallery).append(image_html);\r\n\t\t\t\t\t\t\t$(gallery).justifiedGallery('norewind');\r\n\t\t\t\t\t\t}\r\n\t\t\t\t\t}\r\n\t\t\t\t});\t\t\t\t})(jQuery);\r\n\t\t\t<\/script>\r\n\t\t\t\t\t\t<style>\r\n\t            #justified_gallery_RwNKVQ .sgg-caption {\r\n\t\t\t\t\tbackground: rgb(0,0,0);\r\n\t\t\t\t\tbackground: rgba(0,0,0,0.7);\r\n\t\t\t\t\tcolor: #ffffff;\r\n\t\t\t\t\tfont-size: 1em;\r\n\t\t\t\t\tfont-weight: 400;\r\n\t\t\t\t\tfont-family: Raleway;\r\n\t\t\t\t}\r\n\t\t\t\t#load_more_RwNKVQ {\r\n\t\t\t\t    background: #444444;\r\n\t\t\t\t    color: #ffffff;\r\n\t\t\t\t}\r\n\t\t\t<\/style>\r\n        \t\n","protected":false},"excerpt":{"rendered":"<p>[vc_row][vc_column ] Expozi\u021bie de S\u0103n\u0103tate &#8211; \u0218coala Gimnazial\u0103 T\u00e2rgu Mure\u0219 &#8211; 25.04.2024 O echip\u0103 de dasc\u0103li ai Liceului Teoretic Dr. Lind, au prezentat \u00een cadrul proiectului &#8220;S\u0103pt\u0103m\u00e2na Verde&#8221; principiile unei vie\u021bi s\u0103n\u0103toase, elevilor \u0218colii Gimnaziale Omega din T\u00e2rgu Mure\u0219. Principiile s\u0103n\u0103t\u0103\u021bii (NEW START) au fost transmise prin activit\u0103\u021bi ludice, facilit\u00e2nd astfel \u00eenv\u0103\u021barea rapid\u0103 a acestor concepte deosebit de importante pentru&nbsp;<a href=\"https:\/\/drlind.ro\/educatie\/despre-noi\/expozitie-de-sanatate-pentru-copii\/\">[&hellip;]<\/a><\/p>\n","protected":false},"author":1,"featured_media":0,"parent":584,"menu_order":0,"comment_status":"closed","ping_status":"closed","template":"template-sidebar-left-childpages.php","meta":{"footnotes":""},"class_list":["post-2466","page","type-page","status-publish","hentry"],"_links":{"self":[{"href":"https:\/\/drlind.ro\/educatie\/wp-json\/wp\/v2\/pages\/2466","targetHints":{"allow":["GET"]}}],"collection":[{"href":"https:\/\/drlind.ro\/educatie\/wp-json\/wp\/v2\/pages"}],"about":[{"href":"https:\/\/drlind.ro\/educatie\/wp-json\/wp\/v2\/types\/page"}],"author":[{"embeddable":true,"href":"https:\/\/drlind.ro\/educatie\/wp-json\/wp\/v2\/users\/1"}],"replies":[{"embeddable":true,"href":"https:\/\/drlind.ro\/educatie\/wp-json\/wp\/v2\/comments?post=2466"}],"version-history":[{"count":15,"href":"https:\/\/drlind.ro\/educatie\/wp-json\/wp\/v2\/pages\/2466\/revisions"}],"predecessor-version":[{"id":2499,"href":"https:\/\/drlind.ro\/educatie\/wp-json\/wp\/v2\/pages\/2466\/revisions\/2499"}],"up":[{"embeddable":true,"href":"https:\/\/drlind.ro\/educatie\/wp-json\/wp\/v2\/pages\/584"}],"wp:attachment":[{"href":"https:\/\/drlind.ro\/educatie\/wp-json\/wp\/v2\/media?parent=2466"}],"curies":[{"name":"wp","href":"https:\/\/api.w.org\/{rel}","templated":true}]}}