{"id":2546,"date":"2025-03-09T14:59:10","date_gmt":"2025-03-09T12:59:10","guid":{"rendered":"https:\/\/drlind.ro\/educatie\/?page_id=2546"},"modified":"2025-03-21T11:10:38","modified_gmt":"2025-03-21T09:10:38","slug":"proiect-pilot-pnrr","status":"publish","type":"page","link":"https:\/\/drlind.ro\/educatie\/proiect-pilot-pnrr\/","title":{"rendered":"Proiect Pilot\u00a0PNRR"},"content":{"rendered":"\n<div class=\"wp-block-columns is-layout-flex wp-container-core-columns-is-layout-9d6595d7 wp-block-columns-is-layout-flex\">\n<div class=\"wp-block-column is-layout-flow wp-block-column-is-layout-flow\" style=\"flex-basis:25%\">\n<figure class=\"wp-block-image size-full is-style-default\"><img loading=\"lazy\" decoding=\"async\" width=\"462\" height=\"154\" src=\"http:\/\/drlind.ro\/educatie\/wp-content\/uploads\/2025\/03\/logo-eu.png\" alt=\"\" class=\"wp-image-2567\" srcset=\"https:\/\/drlind.ro\/educatie\/wp-content\/uploads\/2025\/03\/logo-eu.png 462w, https:\/\/drlind.ro\/educatie\/wp-content\/uploads\/2025\/03\/logo-eu-300x100.png 300w, https:\/\/drlind.ro\/educatie\/wp-content\/uploads\/2025\/03\/logo-eu-150x50.png 150w\" sizes=\"auto, (max-width: 462px) 100vw, 462px\" \/><\/figure>\n<\/div>\n\n\n\n<div class=\"wp-block-column is-vertically-aligned-center is-layout-flow wp-block-column-is-layout-flow\" style=\"flex-basis:25%\"><div class=\"wp-block-image\">\n<figure class=\"aligncenter size-full is-resized\"><img loading=\"lazy\" decoding=\"async\" src=\"http:\/\/drlind.ro\/educatie\/wp-content\/uploads\/2025\/03\/logo-gov.png\" alt=\"\" class=\"wp-image-2574\" width=\"131\" height=\"116\"\/><\/figure><\/div><\/div>\n\n\n\n<div class=\"wp-block-column is-layout-flow wp-block-column-is-layout-flow\" style=\"flex-basis:25%\">\n<figure class=\"wp-block-image size-full\"><img loading=\"lazy\" decoding=\"async\" width=\"611\" height=\"154\" src=\"http:\/\/drlind.ro\/educatie\/wp-content\/uploads\/2025\/03\/logo-pnrr-1.png\" alt=\"\" class=\"wp-image-2568\" srcset=\"https:\/\/drlind.ro\/educatie\/wp-content\/uploads\/2025\/03\/logo-pnrr-1.png 611w, https:\/\/drlind.ro\/educatie\/wp-content\/uploads\/2025\/03\/logo-pnrr-1-300x76.png 300w, https:\/\/drlind.ro\/educatie\/wp-content\/uploads\/2025\/03\/logo-pnrr-1-150x38.png 150w\" sizes=\"auto, (max-width: 611px) 100vw, 611px\" \/><\/figure>\n<\/div>\n\n\n\n<div class=\"wp-block-column is-layout-flow wp-block-column-is-layout-flow\" style=\"flex-basis:25%\"><div class=\"wp-block-image\">\n<figure class=\"aligncenter size-large is-resized\"><img loading=\"lazy\" decoding=\"async\" src=\"http:\/\/drlind.ro\/educatie\/wp-content\/uploads\/2025\/03\/logo-nou-1024x371.jpg\" alt=\"\" class=\"wp-image-2570\" width=\"184\" height=\"67\" srcset=\"https:\/\/drlind.ro\/educatie\/wp-content\/uploads\/2025\/03\/logo-nou-1024x371.jpg 1024w, https:\/\/drlind.ro\/educatie\/wp-content\/uploads\/2025\/03\/logo-nou-300x109.jpg 300w, https:\/\/drlind.ro\/educatie\/wp-content\/uploads\/2025\/03\/logo-nou-768x278.jpg 768w, https:\/\/drlind.ro\/educatie\/wp-content\/uploads\/2025\/03\/logo-nou-1536x556.jpg 1536w, https:\/\/drlind.ro\/educatie\/wp-content\/uploads\/2025\/03\/logo-nou-2048x741.jpg 2048w, https:\/\/drlind.ro\/educatie\/wp-content\/uploads\/2025\/03\/logo-nou-150x54.jpg 150w\" sizes=\"auto, (max-width: 184px) 100vw, 184px\" \/><\/figure><\/div><\/div>\n<\/div>\n\n\n\n<p><strong>UN NOU <\/strong><strong>\u00ceNCEPUT<\/strong> din IANUARIE 2025!<\/p>\n\n\n\n<p><strong>\u201dNEW START \u00ceN EDUCA\u021aIE PENTRU NOUA GENERA\u021aIE\u201d<\/strong> este titlul Proiectului PNRR, aprobat prin Ordinul Ministrului nr. 8150\/16.01.2025, Componenta 15 \u2013 EDUCA\u021aIE \u2013 <strong><em>\u201dGranturi pentru unit\u0103\u021bile de \u00eenv\u0103\u021b\u0103m\u00e2nt pilot\u201d.<\/em><\/strong><\/p>\n\n\n\n<ul class=\"wp-block-list\"><li>Proiectul Pilot va fi aplicat la toate nivelurile de \u00eenv\u0103\u021b\u0103m\u00e2nt aprobate de Ministerul Educa\u021biei \u0219i Cercet\u0103rii \u0219i anume: <strong>Pre\u0219colar, Primar, Gimnazial \u0219i Liceal.<\/strong><\/li><\/ul>\n\n\n\n<ul class=\"wp-block-list\"><li>C\u00e2teva din <strong>Obiectivele<\/strong> acestui Propiect Pilot sunt:<\/li><\/ul>\n\n\n\n<ol class=\"wp-block-list\"><li><strong>Asigurarea calit\u0103\u021bii educa\u021biei, mobiliz\u00e2nd fiecare factor implicat (cadrele didactice, elevii, p\u0103rin\u021bii, conducerea \u015fcolii, comunitatea);<\/strong><\/li><li><strong>Cre\u015fterea calit\u0103\u021bii actului didactic;<\/strong><\/li><li><strong>Utilizarea soft-urilor educa\u021bionale \u00een activit\u0103\u021bile de predare-\u00eenv\u0103\u021bare-evaluare;<\/strong><\/li><li><strong>Adoptarea unor metode de evaluare moderne, care s\u0103 ofere o imagine clar\u0103 a progresului elevilor;<\/strong><\/li><li><strong>Dezvoltarea holistic\u0103 a elevilor pe plan fizic, intelectual, psihic, moral \u0219i spiritual;<\/strong><\/li><li><strong>Implementarea unui <em>Program de&nbsp; Inteligen\u021ba Emo\u021bional\u0103, <\/em>\u00een vederea Dezvolt\u0103rii personale a capacit\u0103\u021bilor esen\u021biale pentru formarea personalit\u0103\u021bii elevilor.<\/strong><\/li><\/ol>\n\n\n\n<ul class=\"wp-block-list\"><li><strong>Cele 8 Programe incluse \u00een acest Proiect PNRR:<\/strong><\/li><\/ul>\n\n\n\n<ol class=\"wp-block-list\"><li><strong>PROGRAMUL \u201ePA\u0218APORT SPRE\u2026 S\u0102N\u0102TATE\u201d<\/strong><\/li><li><strong>PROGRAMUL \u201eMATEMATIC\u0102 PRIN JOAC\u0102\u201d<\/strong><\/li><li><strong>PROGRAMUL \u201dINTRODUCERE \u00ceN PROGRAMARE \u0218I ROBOTIC\u0102\u201d<\/strong><\/li><li><strong>PROGRAMUL \u201dLABORATORUL LUI BEN\u201d<\/strong><\/li><li><strong>PROGRAMUL \u201eUNI\u0162I \u00ceN EDUCA\u021aIE PRIN MUZIC\u0102 \u0218I ART\u0102\u201d<\/strong><\/li><li><strong>PROGRAMUL \u201eVREAU S\u0102 \u0218OFEZ \u00ceN SIGURAN\u021a\u0102!\u201d<\/strong><\/li><li><strong>PROGRAM INOVATIV DE \u201dCONSILIERE \u0218COLAR\u0102, VOCA\u021aIONAL\u0102 \u0218I PARENTAL\u0102\u201d<\/strong><\/li><li><strong>PROGRAMUL \u201e\u00ceNV\u0102\u021aAREA COPIILOR MICI S\u0102 CITEASC\u0102\u201d<\/strong><\/li><\/ol>\n\n\n\n<div class=\"wp-block-columns is-layout-flex wp-container-core-columns-is-layout-9d6595d7 wp-block-columns-is-layout-flex\">\n<div class=\"wp-block-column is-layout-flow wp-block-column-is-layout-flow\" style=\"flex-basis:50%\">\n<figure class=\"wp-block-image size-full\"><img loading=\"lazy\" decoding=\"async\" width=\"726\" height=\"1024\" src=\"https:\/\/drlind.ro\/educatie\/wp-content\/uploads\/2025\/03\/Contract-Publicitar-Dr-Lind-1.jpg\" alt=\"\" class=\"wp-image-2677\" srcset=\"https:\/\/drlind.ro\/educatie\/wp-content\/uploads\/2025\/03\/Contract-Publicitar-Dr-Lind-1.jpg 726w, https:\/\/drlind.ro\/educatie\/wp-content\/uploads\/2025\/03\/Contract-Publicitar-Dr-Lind-1-213x300.jpg 213w, https:\/\/drlind.ro\/educatie\/wp-content\/uploads\/2025\/03\/Contract-Publicitar-Dr-Lind-1-106x150.jpg 106w\" sizes=\"auto, (max-width: 726px) 100vw, 726px\" \/><\/figure>\n<\/div>\n\n\n\n<div class=\"wp-block-column is-layout-flow wp-block-column-is-layout-flow\" style=\"flex-basis:50%\">\n<figure class=\"wp-block-image size-full\"><img loading=\"lazy\" decoding=\"async\" width=\"726\" height=\"1024\" src=\"https:\/\/drlind.ro\/educatie\/wp-content\/uploads\/2025\/03\/Contract-Publicitar-Dr-Lind-2.jpg\" alt=\"\" class=\"wp-image-2678\" srcset=\"https:\/\/drlind.ro\/educatie\/wp-content\/uploads\/2025\/03\/Contract-Publicitar-Dr-Lind-2.jpg 726w, https:\/\/drlind.ro\/educatie\/wp-content\/uploads\/2025\/03\/Contract-Publicitar-Dr-Lind-2-213x300.jpg 213w, https:\/\/drlind.ro\/educatie\/wp-content\/uploads\/2025\/03\/Contract-Publicitar-Dr-Lind-2-106x150.jpg 106w\" sizes=\"auto, (max-width: 726px) 100vw, 726px\" \/><\/figure>\n<\/div>\n<\/div>\n","protected":false},"excerpt":{"rendered":"<p>UN NOU \u00ceNCEPUT din IANUARIE 2025! \u201dNEW START \u00ceN EDUCA\u021aIE PENTRU NOUA GENERA\u021aIE\u201d este titlul Proiectului PNRR, aprobat prin Ordinul Ministrului nr. 8150\/16.01.2025, Componenta 15 \u2013 EDUCA\u021aIE \u2013 \u201dGranturi pentru unit\u0103\u021bile de \u00eenv\u0103\u021b\u0103m\u00e2nt pilot\u201d. Proiectul Pilot va fi aplicat la toate nivelurile de \u00eenv\u0103\u021b\u0103m\u00e2nt aprobate de Ministerul Educa\u021biei \u0219i Cercet\u0103rii \u0219i anume: Pre\u0219colar, Primar, Gimnazial \u0219i Liceal. C\u00e2teva din Obiectivele&nbsp;<a href=\"https:\/\/drlind.ro\/educatie\/proiect-pilot-pnrr\/\">[&hellip;]<\/a><\/p>\n","protected":false},"author":1,"featured_media":0,"parent":0,"menu_order":0,"comment_status":"closed","ping_status":"closed","template":"template-fullwidth.php","meta":{"footnotes":""},"class_list":["post-2546","page","type-page","status-publish","hentry"],"_links":{"self":[{"href":"https:\/\/drlind.ro\/educatie\/wp-json\/wp\/v2\/pages\/2546","targetHints":{"allow":["GET"]}}],"collection":[{"href":"https:\/\/drlind.ro\/educatie\/wp-json\/wp\/v2\/pages"}],"about":[{"href":"https:\/\/drlind.ro\/educatie\/wp-json\/wp\/v2\/types\/page"}],"author":[{"embeddable":true,"href":"https:\/\/drlind.ro\/educatie\/wp-json\/wp\/v2\/users\/1"}],"replies":[{"embeddable":true,"href":"https:\/\/drlind.ro\/educatie\/wp-json\/wp\/v2\/comments?post=2546"}],"version-history":[{"count":40,"href":"https:\/\/drlind.ro\/educatie\/wp-json\/wp\/v2\/pages\/2546\/revisions"}],"predecessor-version":[{"id":2717,"href":"https:\/\/drlind.ro\/educatie\/wp-json\/wp\/v2\/pages\/2546\/revisions\/2717"}],"wp:attachment":[{"href":"https:\/\/drlind.ro\/educatie\/wp-json\/wp\/v2\/media?parent=2546"}],"curies":[{"name":"wp","href":"https:\/\/api.w.org\/{rel}","templated":true}]}}