{"id":2690,"date":"2025-04-09T10:28:43","date_gmt":"2025-04-09T08:28:43","guid":{"rendered":"https:\/\/drlind.ro\/educatie\/?page_id=2690"},"modified":"2025-04-09T10:56:49","modified_gmt":"2025-04-09T08:56:49","slug":"oferta-educationala-2025-2026","status":"publish","type":"page","link":"https:\/\/drlind.ro\/educatie\/despre-noi\/oferta-educationala-2025-2026\/","title":{"rendered":"Oferta Educa\u021bional\u0103 2025-2026"},"content":{"rendered":"<p>[vc_row][vc_column][vc_column_text]<\/p>\n<p style=\"text-align: center;\"><strong>OFERTA EDUCA\u021aIONAL\u0102<\/strong><\/p>\n<p style=\"text-align: center;\">ANUL \u015eCOLAR 2025-2026<\/p>\n<p>\u00cen anul \u015fcolar 2025-2026, Liceul Teoretic \u201eDr. Lind\u201d asigur\u0103 educa\u021bie de la gr\u0103dini\u021b\u0103 p\u00e2n\u0103 la liceu, av\u00e2nd \u00een componen\u021b\u0103: dou\u0103 grupe de pre\u0219colari (limba rom\u00e2n\u0103 \u0219i limba maghiar\u0103), zece clase pentru ciclul primar, dintre care cinci \u00een limba maghiar\u0103, \u0219apte clase pentru ciclul gimnazial, dintre care trei \u00een limba maghiar\u0103 \u0219i opt clase de liceu, specializarea <em>\u0219tiin\u021be ale naturii \u0219i \u0219tiin\u021be sociale<\/em>.<\/p>\n<p><strong>GR\u0102DINI\u0162\u0102<\/strong><\/p>\n<ol>\n<li>Activit\u0103\u0163i de predare-\u00eenv\u0103\u0163are \u00een limba rom\u00e2n\u0103 \u015fi maghiar\u0103<\/li>\n<li><strong>Discipline facultative<\/strong>: pian<\/li>\n<li><strong>Discipline op\u021bionale: <\/strong><em>Educa\u021bie pentru s\u0103n\u0103tate, English through songs and games.<\/em><\/li>\n<li>Activit\u0103\u0163i extracurriculare<\/li>\n<\/ol>\n<p><strong>PRIMAR\u0102<\/strong><\/p>\n<ol>\n<li>Activitati de predare-\u00eenv\u0103\u0163are \u00een limba rom\u00e2n\u0103 \u015fi maghiar\u0103<\/li>\n<li><b>Discipline facultative:<\/b> <em>Pian, vioar\u0103, cor, blokflote.<\/em><\/li>\n<li><b>Discipline op\u021bionale:<\/b> <em>English through songs and games <\/em>(cls. 0 A, 0 B, I-a A, I-a B, a II-a A \u0219i a II-a B)<em>, Mai \u00eent\u00e2i caracterul! (<\/em>cls. a III-a A, a IV-a A)<\/li>\n<li>Activitati extracurriculare<\/li>\n<\/ol>\n<p><strong>GIMNAZIU \u015eI LICEU<\/strong><\/p>\n<ol>\n<li>Activit\u0103\u021bi de predare-\u00eenv\u0103\u021bare \u00een limba rom\u00e2n\u0103 \u0219i \u00een limba maghiar\u0103<\/li>\n<li><b>Discipline facultative:<\/b> <em>pian,vioar\u0103, cor.<\/em><\/li>\n<li><strong>Activit\u0103\u021bi practice:<\/strong> Agricultur\u0103 \u0219i munc\u0103 util\u0103, \u00eenfrumuse\u021barea \u0219colii, slujire \u0219i misiune<\/li>\n<li>Activit\u0103\u021bi extracurriculare<\/li>\n<li><b>Discipline op\u021bionale:<\/b> <em>Komm, sing mit uns! (cls. a V-a A), Magica Italia (cls. a VI-a A), Abilit\u0103\u021bi pentru via\u021b\u0103 (cls. a IX-XII-a)<\/em><\/li>\n<\/ol>\n<p><strong>Programul se desf\u0103\u0219oar\u0103 \u00eentre orele 8:00-14:30.<\/strong><\/p>\n<p>La baza organiz\u0103rii disciplinelor sunt principiile biblice cu privire la educa\u021bie. Programul zilnic \u00eencepe cu studiul Bibliei at\u00e2t pentru profesori, c\u00e2t \u0219i pentru elevi.<br \/>\nDisciplinele sunt predate de personal didactic calificat:<\/p>\n<ul>\n<li>Gr\u0103dini\u0163\u0103\u2013 2 educatoare, un profesor de limba englez\u0103<\/li>\n<li>Ciclul primar\u2013 6 \u00eenv\u0103\u0163\u0103toare, 1 profesor de limba engleza, 1 profesor muzic\u0103<\/li>\n<li>Ciclul gimnazial \u0219i liceu \u2013 26 profesori<\/li>\n<\/ul>\n<p><strong>OFERTE \u0218I DOT\u0102RI<\/strong><\/p>\n<ul>\n<li>Bibliotec\u0103 cuprinz\u00e2nd 5870 de volume<\/li>\n<li>20 s\u0103li de clas\u0103,\u00a0 3 laboratoare dotate<\/li>\n<li>2 cabinete de muzic\u0103<\/li>\n<li>Teren de sport<\/li>\n<li>Teren fitness<\/li>\n<li>Spa\u021biu de joac\u0103 pentru copii<\/li>\n<li>Solar, gr\u0103din\u0103<\/li>\n<li>Livad\u0103<\/li>\n<li>Buc\u0103t\u0103rie pentru ore de g\u0103tit<\/li>\n<li>Atelier de croitorie<\/li>\n<li>Ore de pian<\/li>\n<li>Ansamblu de blokflote<\/li>\n<li>Ac\u021biuni Tinserv<\/li>\n<li>Proiecte misionare<\/li>\n<li>Programe \u0219i concerte \u00een comunitatea local\u0103<\/li>\n<li>Excursii tematice \u0219i de recreere<\/li>\n<\/ul>\n<p>[\/vc_column_text][\/vc_column][\/vc_row]<\/p>\n","protected":false},"excerpt":{"rendered":"<p>[vc_row][vc_column][vc_column_text] OFERTA EDUCA\u021aIONAL\u0102 ANUL \u015eCOLAR 2025-2026 \u00cen anul \u015fcolar 2025-2026, Liceul Teoretic \u201eDr. Lind\u201d asigur\u0103 educa\u021bie de la gr\u0103dini\u021b\u0103 p\u00e2n\u0103 la liceu, av\u00e2nd \u00een componen\u021b\u0103: dou\u0103 grupe de pre\u0219colari (limba rom\u00e2n\u0103 \u0219i limba maghiar\u0103), zece clase pentru ciclul primar, dintre care cinci \u00een limba maghiar\u0103, \u0219apte clase pentru ciclul gimnazial, dintre care trei \u00een limba maghiar\u0103 \u0219i opt clase de&nbsp;<a href=\"https:\/\/drlind.ro\/educatie\/despre-noi\/oferta-educationala-2025-2026\/\">[&hellip;]<\/a><\/p>\n","protected":false},"author":1,"featured_media":0,"parent":584,"menu_order":0,"comment_status":"closed","ping_status":"closed","template":"template-sidebar-left-childpages.php","meta":{"footnotes":""},"class_list":["post-2690","page","type-page","status-publish","hentry"],"_links":{"self":[{"href":"https:\/\/drlind.ro\/educatie\/wp-json\/wp\/v2\/pages\/2690","targetHints":{"allow":["GET"]}}],"collection":[{"href":"https:\/\/drlind.ro\/educatie\/wp-json\/wp\/v2\/pages"}],"about":[{"href":"https:\/\/drlind.ro\/educatie\/wp-json\/wp\/v2\/types\/page"}],"author":[{"embeddable":true,"href":"https:\/\/drlind.ro\/educatie\/wp-json\/wp\/v2\/users\/1"}],"replies":[{"embeddable":true,"href":"https:\/\/drlind.ro\/educatie\/wp-json\/wp\/v2\/comments?post=2690"}],"version-history":[{"count":14,"href":"https:\/\/drlind.ro\/educatie\/wp-json\/wp\/v2\/pages\/2690\/revisions"}],"predecessor-version":[{"id":2715,"href":"https:\/\/drlind.ro\/educatie\/wp-json\/wp\/v2\/pages\/2690\/revisions\/2715"}],"up":[{"embeddable":true,"href":"https:\/\/drlind.ro\/educatie\/wp-json\/wp\/v2\/pages\/584"}],"wp:attachment":[{"href":"https:\/\/drlind.ro\/educatie\/wp-json\/wp\/v2\/media?parent=2690"}],"curies":[{"name":"wp","href":"https:\/\/api.w.org\/{rel}","templated":true}]}}