{"id":2810,"date":"2025-08-17T17:40:41","date_gmt":"2025-08-17T15:40:41","guid":{"rendered":"https:\/\/drlind.ro\/educatie\/?page_id=2810"},"modified":"2025-08-24T17:02:18","modified_gmt":"2025-08-24T15:02:18","slug":"caiet-lucru-mate-cls-4","status":"publish","type":"page","link":"https:\/\/drlind.ro\/educatie\/caiet-lucru-mate-cls-4\/","title":{"rendered":"Caiet de Lucru Matematica Clasa\u00a0a\u00a0IV-a"},"content":{"rendered":"\n<div class=\"wp-block-columns is-layout-flex wp-container-core-columns-is-layout-9d6595d7 wp-block-columns-is-layout-flex\">\n<div class=\"wp-block-column is-layout-flow wp-block-column-is-layout-flow\" style=\"flex-basis:25%\"><\/div>\n\n\n\n<div class=\"wp-block-column is-vertically-aligned-center is-layout-flow wp-block-column-is-layout-flow\" style=\"flex-basis:25%\"><\/div>\n\n\n\n<div class=\"wp-block-column is-layout-flow wp-block-column-is-layout-flow\" style=\"flex-basis:25%\"><\/div>\n\n\n\n<div class=\"wp-block-column is-layout-flow wp-block-column-is-layout-flow\" style=\"flex-basis:25%\"><\/div>\n<\/div>\n\n\n\n<div class=\"wp-block-media-text alignwide has-media-on-the-right is-stacked-on-mobile is-vertically-aligned-top\" style=\"grid-template-columns:auto 20%\"><figure class=\"wp-block-media-text__media\"><img loading=\"lazy\" decoding=\"async\" width=\"634\" height=\"903\" src=\"https:\/\/drlind.ro\/educatie\/wp-content\/uploads\/2025\/08\/coperta-caiet-cls-4.jpg\" alt=\"\" class=\"wp-image-2815 size-full\" srcset=\"https:\/\/drlind.ro\/educatie\/wp-content\/uploads\/2025\/08\/coperta-caiet-cls-4.jpg 634w, https:\/\/drlind.ro\/educatie\/wp-content\/uploads\/2025\/08\/coperta-caiet-cls-4-211x300.jpg 211w, https:\/\/drlind.ro\/educatie\/wp-content\/uploads\/2025\/08\/coperta-caiet-cls-4-105x150.jpg 105w\" sizes=\"auto, (max-width: 634px) 100vw, 634px\" \/><\/figure><div class=\"wp-block-media-text__content\">\n<p class=\"has-text-align-left\">Realizarea caietului de lucru de matematic\u0103, clasa a IV-a, s-a \u00eentins pe o perioad\u0103 de 2 ani. Con\u021binutul respect\u0103 programa disciplinei Matematic\u0103 pentru clasa a IV-a \u0219i este conceput exclusiv de c\u0103tre autor. Grafica este, deasemenea, realizat\u0103 de c\u0103tre autor. Desenele \u0219i imaginile folosite sunt, \u00een propor\u021bie de 80%, realizate de c\u0103tre autor, restul fiind imagini \u0219i desene gratuite ob\u021binute din mediul digital.<\/p>\n\n\n\n<p>Caietul con\u021bine 100 de fi\u0219e de lucru, 5 fi\u0219e pentru fiecare lec\u021bie, \u00een medie. Primele fi\u0219e con\u021bin recapitularea materiei din clasa a III-a, iar ultimele sunt pentru recapitularea final\u0103 a materiei studiate \u00een clasa a IV-a. Fiecare pagin\u0103 reprezint\u0103 o fi\u0219\u0103 de lucru. Num\u0103rul fi\u0219ei apare pe pagin\u0103 \u00een partea de sus, pe fundal gri, apoi titlul capitolului \u0219i lec\u021bia. Exerci\u021biile sunt delimitate cu ajutorul coloanelor colorate. Problemele sunt, de regul\u0103, \u00eenso\u021bite de c\u00e2te o imagine reprezentativ\u0103 pentru con\u021binut. Majoritatea exerci\u021biilor \u0219i problemelor au \u0219i loc de rezolvare, marcat cu ajutorul p\u0103tr\u0103\u021belelor, ca \u0219i un caiet de matematic\u0103. Unele exerci\u021bii sunt \u00eenso\u021bite, pentru verificare, de r\u0103spunsuri posibile. Caietul con\u021bine exerci\u021bii realizate sub form\u0103 de labirinturi, de calcul propriu-zis, de corelare a r\u0103spunsurilor, probleme text, exerci\u021bii interdisciplinare etc.<\/p>\n\n\n\n<p class=\"has-text-align-center\"><strong><a href=\"http:\/\/drlind.ro\/educatie\/wp-content\/uploads\/2025\/08\/Caiet-Cls-4-1.pdf\" data-type=\"URL\" data-id=\"http:\/\/drlind.ro\/educatie\/wp-content\/uploads\/2025\/08\/Caiet-Cls-4-1.pdf\" target=\"_blank\" rel=\"noreferrer noopener\">DESCARC\u0102<\/a><\/strong><\/p>\n<\/div><\/div>\n\n\n\n<p><\/p>\n\n\n\n<p><\/p>\n\n\n\n<ul class=\"wp-block-list\"><li><\/li><\/ul>\n","protected":false},"excerpt":{"rendered":"<p>Realizarea caietului de lucru de matematic\u0103, clasa a IV-a, s-a \u00eentins pe o perioad\u0103 de 2 ani. Con\u021binutul respect\u0103 programa disciplinei Matematic\u0103 pentru clasa a IV-a \u0219i este conceput exclusiv de c\u0103tre autor. Grafica este, deasemenea, realizat\u0103 de c\u0103tre autor. Desenele \u0219i imaginile folosite sunt, \u00een propor\u021bie de 80%, realizate de c\u0103tre autor, restul fiind imagini \u0219i desene gratuite ob\u021binute&nbsp;<a href=\"https:\/\/drlind.ro\/educatie\/caiet-lucru-mate-cls-4\/\">[&hellip;]<\/a><\/p>\n","protected":false},"author":1,"featured_media":0,"parent":0,"menu_order":0,"comment_status":"closed","ping_status":"closed","template":"template-fullwidth.php","meta":{"footnotes":""},"class_list":["post-2810","page","type-page","status-publish","hentry"],"_links":{"self":[{"href":"https:\/\/drlind.ro\/educatie\/wp-json\/wp\/v2\/pages\/2810","targetHints":{"allow":["GET"]}}],"collection":[{"href":"https:\/\/drlind.ro\/educatie\/wp-json\/wp\/v2\/pages"}],"about":[{"href":"https:\/\/drlind.ro\/educatie\/wp-json\/wp\/v2\/types\/page"}],"author":[{"embeddable":true,"href":"https:\/\/drlind.ro\/educatie\/wp-json\/wp\/v2\/users\/1"}],"replies":[{"embeddable":true,"href":"https:\/\/drlind.ro\/educatie\/wp-json\/wp\/v2\/comments?post=2810"}],"version-history":[{"count":9,"href":"https:\/\/drlind.ro\/educatie\/wp-json\/wp\/v2\/pages\/2810\/revisions"}],"predecessor-version":[{"id":2823,"href":"https:\/\/drlind.ro\/educatie\/wp-json\/wp\/v2\/pages\/2810\/revisions\/2823"}],"wp:attachment":[{"href":"https:\/\/drlind.ro\/educatie\/wp-json\/wp\/v2\/media?parent=2810"}],"curies":[{"name":"wp","href":"https:\/\/api.w.org\/{rel}","templated":true}]}}