{"id":2853,"date":"2025-12-06T23:37:21","date_gmt":"2025-12-06T21:37:21","guid":{"rendered":"https:\/\/drlind.ro\/educatie\/?page_id=2853"},"modified":"2025-12-06T23:41:34","modified_gmt":"2025-12-06T21:41:34","slug":"sanatate-pe-litere-alfabetul-copiilor-sanatosi-2","status":"publish","type":"page","link":"https:\/\/drlind.ro\/educatie\/sanatate-pe-litere-alfabetul-copiilor-sanatosi-2\/","title":{"rendered":"S\u0103n\u0103tate pe litere &#8211; alfabetul copiilor s\u0103n\u0103to\u0219i"},"content":{"rendered":"\n<div class=\"wp-block-columns is-layout-flex wp-container-core-columns-is-layout-9d6595d7 wp-block-columns-is-layout-flex\">\n<div class=\"wp-block-column is-layout-flow wp-block-column-is-layout-flow\" style=\"flex-basis:25%\"><\/div>\n\n\n\n<div class=\"wp-block-column is-vertically-aligned-center is-layout-flow wp-block-column-is-layout-flow\" style=\"flex-basis:25%\"><\/div>\n\n\n\n<div class=\"wp-block-column is-layout-flow wp-block-column-is-layout-flow\" style=\"flex-basis:25%\"><\/div>\n\n\n\n<div class=\"wp-block-column is-layout-flow wp-block-column-is-layout-flow\" style=\"flex-basis:25%\"><\/div>\n<\/div>\n\n\n\n<div class=\"wp-block-media-text alignwide has-media-on-the-right is-stacked-on-mobile is-vertically-aligned-top\" style=\"grid-template-columns:auto 20%\"><div class=\"wp-block-media-text__content\">\n<p class=\"has-text-align-left\">Descoper\u0103 un <strong>caiet de lucru de 73 de pagini<\/strong> plin de culoare, activit\u0103\u021bi \u0219i \u00eenv\u0103\u021bare! Acest abecedar special nu \u00eei \u00eenva\u021b\u0103 pe copii doar literele, ci \u00eei poart\u0103 \u00eentr-o c\u0103l\u0103torie minunat\u0103 prin lumea alimenta\u021biei s\u0103n\u0103toase, a obiceiurilor bune \u0219i a \u00een\u021belepciunii pentru via\u021ba de zi cu zi.<\/p>\n\n\n\n<p>Fiecare pagin\u0103 \u00eei invit\u0103 pe cei mici s\u0103 exploreze <strong>fructe, legume, vitamine, enzime \u0219i multe alte comori ale naturii<\/strong>, \u00een timp ce \u00eenva\u021b\u0103 cum s\u0103 aib\u0103 grij\u0103 de corpul lor, s\u0103 g\u00e2ndeasc\u0103 armonios \u0219i s\u0103 fac\u0103 alegeri care le sus\u021bin s\u0103n\u0103tatea \u0219i dezvoltarea.<\/p>\n\n\n\n<p>Prin <strong>activit\u0103\u021bi creative \u0219i exerci\u021bii captivante<\/strong>, fiecare liter\u0103 a alfabetului devine o poart\u0103 c\u0103tre descoperire. Copiii vor \u00eenv\u0103\u021ba, pe \u00een\u021belesul lor, \u0219i principiile unui stil de via\u021b\u0103 echilibrat, cunoscut sub numele <strong>NEW START<\/strong>: Nutri\u021bie, Exerci\u021biu fizic, Ap\u0103, Lumin\u0103 solar\u0103, Temperan\u021b\u0103, Aer curat, Odihn\u0103 \u0219i \u00cencredere \u00een Dumnezeu.<\/p>\n\n\n\n<p class=\"has-text-align-left\">Acest caiet de lucru este perfect pentru to\u021bi copiii curio\u0219i care vor s\u0103 creasc\u0103 <strong>s\u0103n\u0103to\u0219i, puternici, buni \u0219i \u00een\u021belep\u021bi<\/strong>, \u00eentr-un mod distractiv \u0219i prietenos.<\/p>\n\n\n\n<p><\/p>\n\n\n\n<p><\/p>\n\n\n\n<p><\/p>\n\n\n\n<p class=\"has-text-align-center\"><strong><a href=\"http:\/\/drlind.ro\/educatie\/wp-content\/uploads\/2025\/12\/Sanatate-pe-litere-alfabetul-copiilor-sanatosi.pdf\" data-type=\"URL\" data-id=\"http:\/\/drlind.ro\/educatie\/wp-content\/uploads\/2025\/08\/Caiet-Cls-4-1.pdf\" target=\"_blank\" rel=\"noreferrer noopener\">DESCARC\u0102<\/a><\/strong><\/p>\n<\/div><figure class=\"wp-block-media-text__media\"><img loading=\"lazy\" decoding=\"async\" width=\"644\" height=\"911\" src=\"http:\/\/drlind.ro\/educatie\/wp-content\/uploads\/2025\/12\/cover-caiet-sanatate.jpg\" alt=\"\" class=\"wp-image-2854 size-full\" srcset=\"https:\/\/drlind.ro\/educatie\/wp-content\/uploads\/2025\/12\/cover-caiet-sanatate.jpg 644w, https:\/\/drlind.ro\/educatie\/wp-content\/uploads\/2025\/12\/cover-caiet-sanatate-212x300.jpg 212w, https:\/\/drlind.ro\/educatie\/wp-content\/uploads\/2025\/12\/cover-caiet-sanatate-106x150.jpg 106w\" sizes=\"auto, (max-width: 644px) 100vw, 644px\" \/><\/figure><\/div>\n\n\n\n<p><\/p>\n\n\n\n<p><\/p>\n\n\n\n<ul class=\"wp-block-list\">\n<li><\/li>\n<\/ul>\n","protected":false},"excerpt":{"rendered":"<p>Descoper\u0103 un caiet de lucru de 73 de pagini plin de culoare, activit\u0103\u021bi \u0219i \u00eenv\u0103\u021bare! Acest abecedar special nu \u00eei \u00eenva\u021b\u0103 pe copii doar literele, ci \u00eei poart\u0103 \u00eentr-o c\u0103l\u0103torie minunat\u0103 prin lumea alimenta\u021biei s\u0103n\u0103toase, a obiceiurilor bune \u0219i a \u00een\u021belepciunii pentru via\u021ba de zi cu zi. Fiecare pagin\u0103 \u00eei invit\u0103 pe cei mici s\u0103 exploreze fructe, legume, vitamine, enzime&nbsp;<a href=\"https:\/\/drlind.ro\/educatie\/sanatate-pe-litere-alfabetul-copiilor-sanatosi-2\/\">[&hellip;]<\/a><\/p>\n","protected":false},"author":1,"featured_media":0,"parent":0,"menu_order":0,"comment_status":"closed","ping_status":"closed","template":"template-fullwidth.php","meta":{"footnotes":""},"class_list":["post-2853","page","type-page","status-publish","hentry"],"_links":{"self":[{"href":"https:\/\/drlind.ro\/educatie\/wp-json\/wp\/v2\/pages\/2853","targetHints":{"allow":["GET"]}}],"collection":[{"href":"https:\/\/drlind.ro\/educatie\/wp-json\/wp\/v2\/pages"}],"about":[{"href":"https:\/\/drlind.ro\/educatie\/wp-json\/wp\/v2\/types\/page"}],"author":[{"embeddable":true,"href":"https:\/\/drlind.ro\/educatie\/wp-json\/wp\/v2\/users\/1"}],"replies":[{"embeddable":true,"href":"https:\/\/drlind.ro\/educatie\/wp-json\/wp\/v2\/comments?post=2853"}],"version-history":[{"count":4,"href":"https:\/\/drlind.ro\/educatie\/wp-json\/wp\/v2\/pages\/2853\/revisions"}],"predecessor-version":[{"id":2860,"href":"https:\/\/drlind.ro\/educatie\/wp-json\/wp\/v2\/pages\/2853\/revisions\/2860"}],"wp:attachment":[{"href":"https:\/\/drlind.ro\/educatie\/wp-json\/wp\/v2\/media?parent=2853"}],"curies":[{"name":"wp","href":"https:\/\/api.w.org\/{rel}","templated":true}]}}