{"id":2861,"date":"2025-12-06T23:46:09","date_gmt":"2025-12-06T21:46:09","guid":{"rendered":"https:\/\/drlind.ro\/educatie\/?page_id=2861"},"modified":"2025-12-07T01:21:24","modified_gmt":"2025-12-06T23:21:24","slug":"atlas-de-microscopie-pentru-copii","status":"publish","type":"page","link":"https:\/\/drlind.ro\/educatie\/atlas-de-microscopie-pentru-copii\/","title":{"rendered":"Atlas de microscopie pentru copii"},"content":{"rendered":"\n<div class=\"wp-block-columns is-layout-flex wp-container-core-columns-is-layout-9d6595d7 wp-block-columns-is-layout-flex\">\n<div class=\"wp-block-column is-layout-flow wp-block-column-is-layout-flow\" style=\"flex-basis:25%\"><\/div>\n\n\n\n<div class=\"wp-block-column is-vertically-aligned-center is-layout-flow wp-block-column-is-layout-flow\" style=\"flex-basis:25%\"><\/div>\n\n\n\n<div class=\"wp-block-column is-layout-flow wp-block-column-is-layout-flow\" style=\"flex-basis:25%\"><\/div>\n\n\n\n<div class=\"wp-block-column is-layout-flow wp-block-column-is-layout-flow\" style=\"flex-basis:25%\"><\/div>\n<\/div>\n\n\n\n<div class=\"wp-block-media-text alignwide has-media-on-the-right is-stacked-on-mobile is-vertically-aligned-top\" style=\"grid-template-columns:auto 20%\"><div class=\"wp-block-media-text__content\">\n<p class=\"has-text-align-left\">Acest atlas de microscopie \u00eei invit\u0103 pe copii s\u0103 p\u0103\u0219easc\u0103 \u00eentr-o lume nev\u0103zut\u0103, plin\u0103 de culori, forme \u0219i detalii uimitoare. Creat pentru elevii din clasele primare \u0219i gimnaziale, atlasul le ofer\u0103 acces permanent la imagini reale din universul rocilor, plantelor, florilor, insectelor, microorganismelor \u0219i chiar al corpului uman.<\/p>\n\n\n\n<p>G\u00e2ndit ca un ghid vizual captivant, atlasul \u00eei ajut\u0103 pe copii s\u0103 descopere structuri ascunse privirii obi\u0219nuite, s\u0103 \u00ee\u0219i dezvolte curiozitatea \u0219tiin\u021bific\u0103 \u0219i s\u0103 \u00een\u021beleag\u0103 diversitatea incredibil\u0103 a lumii microscopice. Fiecare pagin\u0103 este construit\u0103 pentru a-i \u00eencuraja s\u0103 exploreze, s\u0103 pun\u0103 \u00eentreb\u0103ri \u0219i s\u0103 descopere \u0219tiin\u021ba \u00eentr-un mod simplu, atractiv \u0219i educativ.<\/p>\n\n\n\n<p class=\"has-text-align-left\">Un instrument ideal pentru micii exploratori pasiona\u021bi de natur\u0103 \u0219i \u0219tiin\u021b\u0103!<\/p>\n\n\n\n<p><\/p>\n\n\n\n<p class=\"has-text-align-center\"><strong><a href=\"http:\/\/drlind.ro\/educatie\/wp-content\/uploads\/2025\/12\/Atlas-Microscopie.pdf\" data-type=\"link\" data-id=\"http:\/\/drlind.ro\/educatie\/wp-content\/uploads\/2025\/12\/Atlas-Microscopie.pdf\" target=\"_blank\" rel=\"noreferrer noopener\">DESCARC\u0102<\/a><\/strong><\/p>\n<\/div><figure class=\"wp-block-media-text__media\"><img loading=\"lazy\" decoding=\"async\" width=\"724\" height=\"1024\" src=\"https:\/\/drlind.ro\/educatie\/wp-content\/uploads\/2025\/12\/cover-atlas-724x1024.jpg\" alt=\"\" class=\"wp-image-2863 size-full\" srcset=\"https:\/\/drlind.ro\/educatie\/wp-content\/uploads\/2025\/12\/cover-atlas-724x1024.jpg 724w, https:\/\/drlind.ro\/educatie\/wp-content\/uploads\/2025\/12\/cover-atlas-212x300.jpg 212w, https:\/\/drlind.ro\/educatie\/wp-content\/uploads\/2025\/12\/cover-atlas-106x150.jpg 106w, https:\/\/drlind.ro\/educatie\/wp-content\/uploads\/2025\/12\/cover-atlas.jpg 744w\" sizes=\"auto, (max-width: 724px) 100vw, 724px\" \/><\/figure><\/div>\n\n\n\n<p><\/p>\n\n\n\n<p><\/p>\n\n\n\n<ul class=\"wp-block-list\">\n<li><\/li>\n<\/ul>\n","protected":false},"excerpt":{"rendered":"<p>Acest atlas de microscopie \u00eei invit\u0103 pe copii s\u0103 p\u0103\u0219easc\u0103 \u00eentr-o lume nev\u0103zut\u0103, plin\u0103 de culori, forme \u0219i detalii uimitoare. Creat pentru elevii din clasele primare \u0219i gimnaziale, atlasul le ofer\u0103 acces permanent la imagini reale din universul rocilor, plantelor, florilor, insectelor, microorganismelor \u0219i chiar al corpului uman. G\u00e2ndit ca un ghid vizual captivant, atlasul \u00eei ajut\u0103 pe copii s\u0103&nbsp;<a href=\"https:\/\/drlind.ro\/educatie\/atlas-de-microscopie-pentru-copii\/\">[&hellip;]<\/a><\/p>\n","protected":false},"author":1,"featured_media":0,"parent":0,"menu_order":0,"comment_status":"closed","ping_status":"closed","template":"template-fullwidth.php","meta":{"footnotes":""},"class_list":["post-2861","page","type-page","status-publish","hentry"],"_links":{"self":[{"href":"https:\/\/drlind.ro\/educatie\/wp-json\/wp\/v2\/pages\/2861","targetHints":{"allow":["GET"]}}],"collection":[{"href":"https:\/\/drlind.ro\/educatie\/wp-json\/wp\/v2\/pages"}],"about":[{"href":"https:\/\/drlind.ro\/educatie\/wp-json\/wp\/v2\/types\/page"}],"author":[{"embeddable":true,"href":"https:\/\/drlind.ro\/educatie\/wp-json\/wp\/v2\/users\/1"}],"replies":[{"embeddable":true,"href":"https:\/\/drlind.ro\/educatie\/wp-json\/wp\/v2\/comments?post=2861"}],"version-history":[{"count":3,"href":"https:\/\/drlind.ro\/educatie\/wp-json\/wp\/v2\/pages\/2861\/revisions"}],"predecessor-version":[{"id":2868,"href":"https:\/\/drlind.ro\/educatie\/wp-json\/wp\/v2\/pages\/2861\/revisions\/2868"}],"wp:attachment":[{"href":"https:\/\/drlind.ro\/educatie\/wp-json\/wp\/v2\/media?parent=2861"}],"curies":[{"name":"wp","href":"https:\/\/api.w.org\/{rel}","templated":true}]}}