{"id":647,"date":"2016-03-31T09:11:30","date_gmt":"2016-03-31T09:11:30","guid":{"rendered":"http:\/\/schooltime.aislinthemes.com\/?page_id=647"},"modified":"2023-02-16T11:22:38","modified_gmt":"2023-02-16T09:22:38","slug":"our-values","status":"publish","type":"page","link":"https:\/\/drlind.ro\/educatie\/despre-noi\/our-values\/","title":{"rendered":"Valorile noastre"},"content":{"rendered":"<p>[vc_row][vc_column width=&#8221;1\/2&#8243;][vc_single_image image=&#8221;635&#8243; img_size=&#8221;full&#8221; css=&#8221;.vc_custom_1459417101525{margin-bottom: 25px !important;}&#8221;][vc_custom_heading text=&#8221;Viziunea noastr\u0103&#8221; font_container=&#8221;tag:h4|text_align:left&#8221; use_theme_fonts=&#8221;yes&#8221;][vc_column_text css=&#8221;.vc_custom_1509003856883{padding-right: 20px !important;}&#8221;]<\/p>\n<p class=\"vc_custom_heading\">Promov\u0103m dezvoltarea echilibrat\u0103 a capacit\u0103\u021bilor fizice, mentale \u0219i sociale dup\u0103 modelul lui Hristos.<\/p>\n<p>[\/vc_column_text][\/vc_column][vc_column width=&#8221;1\/2&#8243; css=&#8221;.vc_custom_1459416622945{margin-bottom: 30px !important;}&#8221;][vc_single_image image=&#8221;663&#8243; img_size=&#8221;full&#8221; css=&#8221;.vc_custom_1459417119759{margin-bottom: 25px !important;}&#8221;][vc_custom_heading text=&#8221;Misiunea Noastr\u0103&#8221; font_container=&#8221;tag:h4|text_align:left&#8221; use_theme_fonts=&#8221;yes&#8221;][vc_column_text css=&#8221;.vc_custom_1509003796473{padding-right: 20px !important;}&#8221;]Misiunea Liceului Teoretic \u201eDr. Lind\u201d este s\u0103 conlucreze cu Dumnezeu \u00een refacerea chipului S\u0103u \u00een elev \u0219i profesor unind studiul Scripturii \u0219i al \u0219tiin\u021belor cu munca util\u0103 \u0219i bucuria slujirii neegoiste.[\/vc_column_text][\/vc_column][\/vc_row][vc_row][vc_column width=&#8221;1\/2&#8243;][vc_single_image image=&#8221;631&#8243; img_size=&#8221;full&#8221; css=&#8221;.vc_custom_1459417741507{margin-bottom: 25px !important;}&#8221;][vc_custom_heading text=&#8221;Colaborare&#8221; font_container=&#8221;tag:h4|text_align:left&#8221; use_theme_fonts=&#8221;yes&#8221;][vc_column_text css=&#8221;.vc_custom_1509007682314{padding-right: 20px !important;}&#8221;]Credem c\u0103 pentru succes \u00een educa\u021bie este nevoie de colaborare \u00eentre \u0219coal\u0103, familie \u0219i biseric\u0103.[\/vc_column_text][\/vc_column][\/vc_row]<\/p>\n","protected":false},"excerpt":{"rendered":"<p>[vc_row][vc_column width=&#8221;1\/2&#8243;][vc_single_image image=&#8221;635&#8243; img_size=&#8221;full&#8221; css=&#8221;.vc_custom_1459417101525{margin-bottom: 25px !important;}&#8221;][vc_custom_heading text=&#8221;Viziunea noastr\u0103&#8221; font_container=&#8221;tag:h4|text_align:left&#8221; use_theme_fonts=&#8221;yes&#8221;][vc_column_text css=&#8221;.vc_custom_1509003856883{padding-right: 20px !important;}&#8221;] Promov\u0103m dezvoltarea echilibrat\u0103 a capacit\u0103\u021bilor fizice, mentale \u0219i sociale dup\u0103 modelul lui Hristos. [\/vc_column_text][\/vc_column][vc_column width=&#8221;1\/2&#8243; css=&#8221;.vc_custom_1459416622945{margin-bottom: 30px !important;}&#8221;][vc_single_image image=&#8221;663&#8243; img_size=&#8221;full&#8221; css=&#8221;.vc_custom_1459417119759{margin-bottom: 25px !important;}&#8221;][vc_custom_heading text=&#8221;Misiunea Noastr\u0103&#8221; font_container=&#8221;tag:h4|text_align:left&#8221; use_theme_fonts=&#8221;yes&#8221;][vc_column_text css=&#8221;.vc_custom_1509003796473{padding-right: 20px !important;}&#8221;]Misiunea Liceului Teoretic \u201eDr. Lind\u201d este s\u0103 conlucreze cu Dumnezeu \u00een refacerea chipului S\u0103u \u00een elev \u0219i&nbsp;<a href=\"https:\/\/drlind.ro\/educatie\/despre-noi\/our-values\/\">[&hellip;]<\/a><\/p>\n","protected":false},"author":1,"featured_media":0,"parent":584,"menu_order":0,"comment_status":"closed","ping_status":"closed","template":"template-sidebar-left-childpages.php","meta":{"footnotes":""},"class_list":["post-647","page","type-page","status-publish","hentry"],"_links":{"self":[{"href":"https:\/\/drlind.ro\/educatie\/wp-json\/wp\/v2\/pages\/647","targetHints":{"allow":["GET"]}}],"collection":[{"href":"https:\/\/drlind.ro\/educatie\/wp-json\/wp\/v2\/pages"}],"about":[{"href":"https:\/\/drlind.ro\/educatie\/wp-json\/wp\/v2\/types\/page"}],"author":[{"embeddable":true,"href":"https:\/\/drlind.ro\/educatie\/wp-json\/wp\/v2\/users\/1"}],"replies":[{"embeddable":true,"href":"https:\/\/drlind.ro\/educatie\/wp-json\/wp\/v2\/comments?post=647"}],"version-history":[{"count":5,"href":"https:\/\/drlind.ro\/educatie\/wp-json\/wp\/v2\/pages\/647\/revisions"}],"predecessor-version":[{"id":1952,"href":"https:\/\/drlind.ro\/educatie\/wp-json\/wp\/v2\/pages\/647\/revisions\/1952"}],"up":[{"embeddable":true,"href":"https:\/\/drlind.ro\/educatie\/wp-json\/wp\/v2\/pages\/584"}],"wp:attachment":[{"href":"https:\/\/drlind.ro\/educatie\/wp-json\/wp\/v2\/media?parent=647"}],"curies":[{"name":"wp","href":"https:\/\/api.w.org\/{rel}","templated":true}]}}